{"id":2430,"date":"2022-03-03T10:58:02","date_gmt":"2022-03-03T08:58:02","guid":{"rendered":"https:\/\/www.gruppa-sued.de\/?page_id=2430"},"modified":"2022-03-03T10:58:02","modified_gmt":"2022-03-03T08:58:02","slug":"fragen-zur-spendenaktion-fuer-die-ukraine","status":"publish","type":"page","link":"https:\/\/www.gruppa-sued.de\/?page_id=2430","title":{"rendered":"Fragen zur Spendenaktion f\u00fcr die Ukraine"},"content":{"rendered":"<style>#sp-ea-2429 .spcollapsing { height: 0; overflow: hidden; transition-property: height;transition-duration: 300ms;}#sp-ea-2429.sp-easy-accordion>.sp-ea-single {margin-bottom: 10px; border: 1px solid #e2e2e2; }#sp-ea-2429.sp-easy-accordion>.sp-ea-single>.ea-header a {color: #444;}#sp-ea-2429.sp-easy-accordion>.sp-ea-single>.sp-collapse>.ea-body {background: #fff; color: #444;}#sp-ea-2429.sp-easy-accordion>.sp-ea-single {background: #eee;}#sp-ea-2429.sp-easy-accordion>.sp-ea-single>.ea-header a .ea-expand-icon { float: left; color: #444;font-size: 16px;}<\/style><div id=\"sp_easy_accordion-1776759310\"><div id=\"sp-ea-2429\" class=\"sp-ea-one sp-easy-accordion\" data-ea-active=\"ea-click\" data-ea-mode=\"vertical\" data-preloader=\"\" data-scroll-active-item=\"\" data-offset-to-scroll=\"0\"><div class=\"ea-card ea-expand sp-ea-single\"><h3 class=\"ea-header\"><a class=\"collapsed\" id=\"ea-header-24290\" role=\"button\" data-sptoggle=\"spcollapse\" data-sptarget=\"#collapse24290\" aria-controls=\"collapse24290\" href=\"#\" aria-expanded=\"true\" tabindex=\"0\"><i aria-hidden=\"true\" role=\"presentation\" class=\"ea-expand-icon eap-icon-ea-expand-minus\"><\/i> Nehmt ihr Sachspenden an?<\/a><\/h3><div class=\"sp-collapse spcollapse collapsed show\" id=\"collapse24290\" data-parent=\"#sp-ea-2429\" role=\"region\" aria-labelledby=\"ea-header-24290\"> <div class=\"ea-body\"><p>Nein. Wenn ihr aber gr\u00f6\u00dfere Mengen der ben\u00f6tigten G\u00fcter habt, k\u00f6nnen wir euch gerne weiter helfen, einen geeigneten Abgabeort zu finden. Aktuell warten auf dem Rasthof AVUS tags\u00fcber immer LKW und Helfer. Die Helfer nehmen eure Spenden an und sortieren diese in Kisten.<\/p><p>Bitte beachtet unbedingt die Liste notwendiger Waren.<\/p><\/div><\/div><\/div><div class=\"ea-card sp-ea-single\"><h3 class=\"ea-header\"><a class=\"collapsed\" id=\"ea-header-24291\" role=\"button\" data-sptoggle=\"spcollapse\" data-sptarget=\"#collapse24291\" aria-controls=\"collapse24291\" href=\"#\" aria-expanded=\"false\" tabindex=\"0\"><i aria-hidden=\"true\" role=\"presentation\" class=\"ea-expand-icon eap-icon-ea-expand-plus\"><\/i> Welche Sachspenden werden ben\u00f6tigt?<\/a><\/h3><div class=\"sp-collapse spcollapse \" id=\"collapse24291\" data-parent=\"#sp-ea-2429\" role=\"region\" aria-labelledby=\"ea-header-24291\"> <div class=\"ea-body\"><p>Momentan werden \u00fcberwiegend Hygieneartikel, Medikamente f\u00fcr Kinder und Erwachsene, haltbare Lebensmittel, Babynahrung, Kochutensilien (Besteck, Geschirr, Gaskocher, Frischhalteboxen) sowie Verl\u00e4ngerungskabel, Heizstrahler, Stromgeneratoren, Biotoiletten, mobile Duschen ben\u00f6tigt.<\/p><\/div><\/div><\/div><div class=\"ea-card sp-ea-single\"><h3 class=\"ea-header\"><a class=\"collapsed\" id=\"ea-header-24292\" role=\"button\" data-sptoggle=\"spcollapse\" data-sptarget=\"#collapse24292\" aria-controls=\"collapse24292\" href=\"#\" aria-expanded=\"false\" tabindex=\"0\"><i aria-hidden=\"true\" role=\"presentation\" class=\"ea-expand-icon eap-icon-ea-expand-plus\"><\/i> Werden auch Kleiderspenden ben\u00f6tigt?<\/a><\/h3><div class=\"sp-collapse spcollapse \" id=\"collapse24292\" data-parent=\"#sp-ea-2429\" role=\"region\" aria-labelledby=\"ea-header-24292\"> <div class=\"ea-body\"><p>Eher nicht. Wir stehen in Kontakt zu Fahrern, die regelm\u00e4\u00dfig Hilfsg\u00fcter zur Grenzregion der Ukraine bringen. Sie k\u00f6nnen genau einsch\u00e4tzen, was im Moment am meisten ben\u00f6tigt wird. Kleiderspenden gab es schon sehr viele. Manche Hilfsorganisationen sind mit der Sortierung und der Herausgabe zudem v\u00f6llig \u00fcberfordert wegen der schieren Menge. Wir m\u00f6chten uns auf Medikamente, Nahrungsmittel und andere n\u00fctzliche Dinge konzentrieren.<\/p><\/div><\/div><\/div><div class=\"ea-card sp-ea-single\"><h3 class=\"ea-header\"><a class=\"collapsed\" id=\"ea-header-24293\" role=\"button\" data-sptoggle=\"spcollapse\" data-sptarget=\"#collapse24293\" aria-controls=\"collapse24293\" href=\"#\" aria-expanded=\"false\" tabindex=\"0\"><i aria-hidden=\"true\" role=\"presentation\" class=\"ea-expand-icon eap-icon-ea-expand-plus\"><\/i> Wie spende ich Geld?<\/a><\/h3><div class=\"sp-collapse spcollapse \" id=\"collapse24293\" data-parent=\"#sp-ea-2429\" role=\"region\" aria-labelledby=\"ea-header-24293\"> <div class=\"ea-body\"><p>Wer sich beteiligen m\u00f6chte, kann gerne einen Betrag seiner Wahl spenden. Ein bestimmer Verwendungszweck ist nicht notwendig.<\/p><ul><li>Paypal an\u00a0konto@gruppa-sued.de\u00a0bzw. k\u00f6nnt ihr auch diesen\u00a0Paypal-Link nutzen (bitte als \"Freunde\" senden)<\/li><li>Wer kein Paypal hat, kann auch hier hin \u00fcberweisen:\u00a0Michael M\u00fcller,\u00a0DE53 1004 0000 0730 5014 00<\/li><\/ul><\/div><\/div><\/div><div class=\"ea-card sp-ea-single\"><h3 class=\"ea-header\"><a class=\"collapsed\" id=\"ea-header-24294\" role=\"button\" data-sptoggle=\"spcollapse\" data-sptarget=\"#collapse24294\" aria-controls=\"collapse24294\" href=\"#\" aria-expanded=\"false\" tabindex=\"0\"><i aria-hidden=\"true\" role=\"presentation\" class=\"ea-expand-icon eap-icon-ea-expand-plus\"><\/i> Wie oft f\u00e4hrt ein LKW von Berlin los? <\/a><\/h3><div class=\"sp-collapse spcollapse \" id=\"collapse24294\" data-parent=\"#sp-ea-2429\" role=\"region\" aria-labelledby=\"ea-header-24294\"> <div class=\"ea-body\"><p>Wir sind in Kontakt mit mehrere Fahrern, mittlerweile fahren aber auch t\u00e4glich LKW am Rasthof AVUS ab.<\/p><\/div><\/div><\/div><div class=\"ea-card sp-ea-single\"><h3 class=\"ea-header\"><a class=\"collapsed\" id=\"ea-header-24295\" role=\"button\" data-sptoggle=\"spcollapse\" data-sptarget=\"#collapse24295\" aria-controls=\"collapse24295\" href=\"#\" aria-expanded=\"false\" tabindex=\"0\"><i aria-hidden=\"true\" role=\"presentation\" class=\"ea-expand-icon eap-icon-ea-expand-plus\"><\/i> Wie steht Ihr in Kontakt zur Grenzregion? <\/a><\/h3><div class=\"sp-collapse spcollapse \" id=\"collapse24295\" data-parent=\"#sp-ea-2429\" role=\"region\" aria-labelledby=\"ea-header-24295\"> <div class=\"ea-body\"><p>Wir stehen in Kontakt zu Fahrern, die regelm\u00e4\u00dfig Hilfsg\u00fcter zur Grenzregion der Ukraine bringen. Sie k\u00f6nnen genau einsch\u00e4tzen, was im Moment am meisten ben\u00f6tigt wird. Der Kontakt ist durch Kolja entstanden, der uns die letzten Jahre regelm\u00e4\u00dfig zu Ausw\u00e4rtsspielen fuhr.<\/p><\/div><\/div><\/div><div class=\"ea-card sp-ea-single\"><h3 class=\"ea-header\"><a class=\"collapsed\" id=\"ea-header-24296\" role=\"button\" data-sptoggle=\"spcollapse\" data-sptarget=\"#collapse24296\" aria-controls=\"collapse24296\" href=\"#\" aria-expanded=\"false\" tabindex=\"0\"><i aria-hidden=\"true\" role=\"presentation\" class=\"ea-expand-icon eap-icon-ea-expand-plus\"><\/i> Warum erhalte Ich keine Spendenquittung? <\/a><\/h3><div class=\"sp-collapse spcollapse \" id=\"collapse24296\" data-parent=\"#sp-ea-2429\" role=\"region\" aria-labelledby=\"ea-header-24296\"> <div class=\"ea-body\"><p>Um eine Spendenquittung auszustellen, m\u00fcssten wir ein eingetragener und noch dazu gemeninn\u00fctziger Verein sein. Das sind wir nicht. Wir gehen normalerweise als Gruppe ins Stadion, um die Hertha zu unterst\u00fctzen. Dementsprechend handelt es sich um Schenkungen, die wir in Waren umwandeln.<\/p><\/div><\/div><\/div><div class=\"ea-card sp-ea-single\"><h3 class=\"ea-header\"><a class=\"collapsed\" id=\"ea-header-24297\" role=\"button\" data-sptoggle=\"spcollapse\" data-sptarget=\"#collapse24297\" aria-controls=\"collapse24297\" href=\"#\" aria-expanded=\"false\" tabindex=\"0\"><i aria-hidden=\"true\" role=\"presentation\" class=\"ea-expand-icon eap-icon-ea-expand-plus\"><\/i> Wohin kommen die Waren? <\/a><\/h3><div class=\"sp-collapse spcollapse \" id=\"collapse24297\" data-parent=\"#sp-ea-2429\" role=\"region\" aria-labelledby=\"ea-header-24297\"> <div class=\"ea-body\"><p>Die Waren gehen an die Grenzregion zwischen Polen und der Ukraine. Dort warten im Moment Vertriebene aus dem Landesinneren. Zugleich wollen wir allen Vertriebenen, die in Berlin ankommen Hilfe anbieten.<\/p><\/div><\/div><\/div><div class=\"ea-card sp-ea-single\"><h3 class=\"ea-header\"><a class=\"collapsed\" id=\"ea-header-24298\" role=\"button\" data-sptoggle=\"spcollapse\" data-sptarget=\"#collapse24298\" aria-controls=\"collapse24298\" href=\"#\" aria-expanded=\"false\" tabindex=\"0\"><i aria-hidden=\"true\" role=\"presentation\" class=\"ea-expand-icon eap-icon-ea-expand-plus\"><\/i> Kauft Ihr davon auch milit\u00e4rische Hilfsg\u00fcter? <\/a><\/h3><div class=\"sp-collapse spcollapse \" id=\"collapse24298\" data-parent=\"#sp-ea-2429\" role=\"region\" aria-labelledby=\"ea-header-24298\"> <div class=\"ea-body\"><p>Nein. Unsere G\u00fcter gelten einzig und allein der Zivilbev\u00f6lkerung.<\/p><\/div><\/div><\/div><div class=\"ea-card sp-ea-single\"><h3 class=\"ea-header\"><a class=\"collapsed\" id=\"ea-header-24299\" role=\"button\" data-sptoggle=\"spcollapse\" data-sptarget=\"#collapse24299\" aria-controls=\"collapse24299\" href=\"#\" aria-expanded=\"false\" tabindex=\"0\"><i aria-hidden=\"true\" role=\"presentation\" class=\"ea-expand-icon eap-icon-ea-expand-plus\"><\/i> <\/a><\/h3><div class=\"sp-collapse spcollapse \" id=\"collapse24299\" data-parent=\"#sp-ea-2429\" role=\"region\" aria-labelledby=\"ea-header-24299\"> <div class=\"ea-body\">No Content<\/div><\/div><\/div><\/div><\/div>\n","protected":false},"excerpt":{"rendered":"","protected":false},"author":2,"featured_media":0,"parent":0,"menu_order":0,"comment_status":"closed","ping_status":"closed","template":"","meta":[],"_links":{"self":[{"href":"https:\/\/www.gruppa-sued.de\/index.php?rest_route=\/wp\/v2\/pages\/2430"}],"collection":[{"href":"https:\/\/www.gruppa-sued.de\/index.php?rest_route=\/wp\/v2\/pages"}],"about":[{"href":"https:\/\/www.gruppa-sued.de\/index.php?rest_route=\/wp\/v2\/types\/page"}],"author":[{"embeddable":true,"href":"https:\/\/www.gruppa-sued.de\/index.php?rest_route=\/wp\/v2\/users\/2"}],"replies":[{"embeddable":true,"href":"https:\/\/www.gruppa-sued.de\/index.php?rest_route=%2Fwp%2Fv2%2Fcomments&post=2430"}],"version-history":[{"count":2,"href":"https:\/\/www.gruppa-sued.de\/index.php?rest_route=\/wp\/v2\/pages\/2430\/revisions"}],"predecessor-version":[{"id":2445,"href":"https:\/\/www.gruppa-sued.de\/index.php?rest_route=\/wp\/v2\/pages\/2430\/revisions\/2445"}],"wp:attachment":[{"href":"https:\/\/www.gruppa-sued.de\/index.php?rest_route=%2Fwp%2Fv2%2Fmedia&parent=2430"}],"curies":[{"name":"wp","href":"https:\/\/api.w.org\/{rel}","templated":true}]}}