{"id":52,"date":"2013-11-04T22:33:48","date_gmt":"2013-11-04T20:33:48","guid":{"rendered":"https:\/\/www.gruppa-sued.de\/?page_id=52"},"modified":"2017-12-11T18:02:07","modified_gmt":"2017-12-11T16:02:07","slug":"kontakt","status":"publish","type":"page","link":"https:\/\/www.gruppa-sued.de\/?page_id=52","title":{"rendered":"Kontakt | Links"},"content":{"rendered":"<p><strong>Kontakt<\/strong><\/p>\n<p>Du kannst uns auch jederzeit im Stadion ansprechen. F\u00fcr Kritik, Fragen und Anregungen stehen wir euch gerne unter hertha[at]go4more.de zur Verf\u00fcgung.<\/p>\n<p><strong>Links<\/strong><\/p>\n<ul>\n<li><a href=\"http:\/\/www.herthabsc.de\/\" target=\"_blank\" rel=\"noopener\">Hertha BSC<\/a><\/li>\n<li><a href=\"http:\/\/www.foerderkreis-ostkurve.de\" target=\"_blank\" rel=\"noopener\">F\u00f6rderkreis Ostkurve<\/a><\/li>\n<li><a href=\"http:\/\/www.hb98.de\/\" target=\"_blank\" rel=\"noopener\">Harlekins Berlin&#8217;98<\/a><\/li>\n<li><a href=\"http:\/\/www.hm03.de\" target=\"_blank\" rel=\"noopener\">Hauptstadtmafia&#8217;03<\/a><\/li>\n<li><a href=\"http:\/\/www.dsb05.de\" target=\"_blank\" rel=\"noopener\">Dynamic Supporters Berlin &#8217;05<\/a><\/li>\n<li><a href=\"http:\/\/www.hertha-fuer-alle.de\">Hertha f\u00fcr Alle<\/a><\/li>\n<li><a href=\"http:\/\/www.hertha-echo.de\" target=\"_blank\" rel=\"noopener\">Hertha Echo<\/a><\/li>\n<li><a href=\"http:\/\/www.fanprojekt-berlin.de\/\" target=\"_blank\" rel=\"noopener\">Fanprojekt Berlin<\/a><\/li>\n<\/ul>\n<ul>\n<li><a href=\"http:\/\/ultra1894.de\" target=\"_blank\" rel=\"noopener\">Ultra 1894<\/a><\/li>\n<\/ul>\n<p>&nbsp;<\/p>\n<p>&nbsp;<\/p>\n","protected":false},"excerpt":{"rendered":"<p>Kontakt Du kannst uns auch jederzeit im Stadion ansprechen. F\u00fcr Kritik, Fragen und Anregungen stehen wir euch gerne unter hertha[at]go4more.de zur Verf\u00fcgung. Links Hertha BSC F\u00f6rderkreis Ostkurve Harlekins Berlin&#8217;98 Hauptstadtmafia&#8217;03 Dynamic Supporters Berlin &#8217;05 Hertha f\u00fcr Alle Hertha Echo Fanprojekt Berlin Ultra 1894 &nbsp; &nbsp;<\/p>\n","protected":false},"author":1,"featured_media":0,"parent":0,"menu_order":0,"comment_status":"closed","ping_status":"open","template":"","meta":[],"_links":{"self":[{"href":"https:\/\/www.gruppa-sued.de\/index.php?rest_route=\/wp\/v2\/pages\/52"}],"collection":[{"href":"https:\/\/www.gruppa-sued.de\/index.php?rest_route=\/wp\/v2\/pages"}],"about":[{"href":"https:\/\/www.gruppa-sued.de\/index.php?rest_route=\/wp\/v2\/types\/page"}],"author":[{"embeddable":true,"href":"https:\/\/www.gruppa-sued.de\/index.php?rest_route=\/wp\/v2\/users\/1"}],"replies":[{"embeddable":true,"href":"https:\/\/www.gruppa-sued.de\/index.php?rest_route=%2Fwp%2Fv2%2Fcomments&post=52"}],"version-history":[{"count":16,"href":"https:\/\/www.gruppa-sued.de\/index.php?rest_route=\/wp\/v2\/pages\/52\/revisions"}],"predecessor-version":[{"id":1904,"href":"https:\/\/www.gruppa-sued.de\/index.php?rest_route=\/wp\/v2\/pages\/52\/revisions\/1904"}],"wp:attachment":[{"href":"https:\/\/www.gruppa-sued.de\/index.php?rest_route=%2Fwp%2Fv2%2Fmedia&parent=52"}],"curies":[{"name":"wp","href":"https:\/\/api.w.org\/{rel}","templated":true}]}}